{"id":7,"date":"2020-12-07T22:40:28","date_gmt":"2020-12-07T21:40:28","guid":{"rendered":"http:\/\/thefarmlab.be\/?page_id=7"},"modified":"2020-12-09T22:28:46","modified_gmt":"2020-12-09T21:28:46","slug":"a-propos-de","status":"publish","type":"page","link":"https:\/\/thefarmlab.be\/?page_id=7","title":{"rendered":"\u00c0 propos de"},"content":{"rendered":"\n<p>Vous pourriez \u00eatre un artiste et vouloir pr\u00e9senter vos travaux et vous m\u00eame ou encore \u00eatre une entreprise avec une mission \u00e0 promouvoir.<\/p>\n","protected":false},"excerpt":{"rendered":"<p>Vous pourriez \u00eatre un artiste et vouloir pr\u00e9senter vos travaux et vous m\u00eame ou encore \u00eatre une entreprise avec une mission \u00e0 promouvoir.<\/p>\n","protected":false},"author":1,"featured_media":0,"parent":0,"menu_order":0,"comment_status":"closed","ping_status":"closed","template":"","meta":[],"_links":{"self":[{"href":"https:\/\/thefarmlab.be\/index.php?rest_route=\/wp\/v2\/pages\/7"}],"collection":[{"href":"https:\/\/thefarmlab.be\/index.php?rest_route=\/wp\/v2\/pages"}],"about":[{"href":"https:\/\/thefarmlab.be\/index.php?rest_route=\/wp\/v2\/types\/page"}],"author":[{"embeddable":true,"href":"https:\/\/thefarmlab.be\/index.php?rest_route=\/wp\/v2\/users\/1"}],"replies":[{"embeddable":true,"href":"https:\/\/thefarmlab.be\/index.php?rest_route=%2Fwp%2Fv2%2Fcomments&post=7"}],"version-history":[{"count":1,"href":"https:\/\/thefarmlab.be\/index.php?rest_route=\/wp\/v2\/pages\/7\/revisions"}],"predecessor-version":[{"id":14,"href":"https:\/\/thefarmlab.be\/index.php?rest_route=\/wp\/v2\/pages\/7\/revisions\/14"}],"wp:attachment":[{"href":"https:\/\/thefarmlab.be\/index.php?rest_route=%2Fwp%2Fv2%2Fmedia&parent=7"}],"curies":[{"name":"wp","href":"https:\/\/api.w.org\/{rel}","templated":true}]}}