{"id":57,"date":"2020-12-09T22:16:53","date_gmt":"2020-12-09T21:16:53","guid":{"rendered":"http:\/\/thefarmlab.be\/?page_id=57"},"modified":"2022-12-30T12:03:32","modified_gmt":"2022-12-30T11:03:32","slug":"la-vision-de-the-farm-lab","status":"publish","type":"page","link":"https:\/\/thefarmlab.be\/","title":{"rendered":"The Farm Lab, la vision"},"content":{"rendered":"\n<figure class=\"wp-block-image size-large\"><img decoding=\"async\" loading=\"lazy\" width=\"1024\" height=\"576\" src=\"http:\/\/thefarmlab.be\/wp-content\/uploads\/2020\/12\/20150412_142838-1024x576.jpg\" alt=\"\" class=\"wp-image-51\"\/><figcaption>La l\u00e9gende de Zingaro<\/figcaption><\/figure>\n\n\n\n<p>En 2021, \u00e0 la ferme du Marais, entour\u00e9 de chevaux et d&rsquo;autres animaux, The Farm Lab imagine, acquiert, construit, d\u00e9veloppe, am\u00e9nage et met \u00e0 disposition un cadre de travail, des moyens, des outils et des services de support \u00e0 destination des th\u00e9rapeutes \u0153uvrant \u00e0 la renaissance et au d\u00e9veloppement personnel des individus et \u00e0 destination des promoteurs de l&rsquo;innovation. The Farm Lab contribue \u00e0 mieux faire cohabiter humains et chevaux pour am\u00e9liorer le bien-\u00eatre physique et psychologique des uns et des autres.<\/p>\n\n\n\n<div class=\"wp-block-image\"><figure class=\"alignright size-large is-resized\"><img decoding=\"async\" loading=\"lazy\" src=\"http:\/\/thefarmlab.be\/wp-content\/uploads\/2020\/12\/signature_HD_STB-1024x727.png\" alt=\"\" class=\"wp-image-59\" width=\"227\" height=\"160\" srcset=\"https:\/\/thefarmlab.be\/wp-content\/uploads\/2020\/12\/signature_HD_STB-1024x727.png 1024w, https:\/\/thefarmlab.be\/wp-content\/uploads\/2020\/12\/signature_HD_STB-300x213.png 300w, https:\/\/thefarmlab.be\/wp-content\/uploads\/2020\/12\/signature_HD_STB-768x545.png 768w, https:\/\/thefarmlab.be\/wp-content\/uploads\/2020\/12\/signature_HD_STB.png 1333w\" sizes=\"(max-width: 227px) 100vw, 227px\" \/><figcaption>St\u00e9phane Badts, 09 d\u00e9cembre 2020.<\/figcaption><\/figure><\/div>\n\n\n\n<p><\/p>\n","protected":false},"excerpt":{"rendered":"<p>En 2021, \u00e0 la ferme du Marais, entour\u00e9 de chevaux et d&rsquo;autres animaux, The Farm Lab imagine, acquiert, construit, d\u00e9veloppe, am\u00e9nage et met \u00e0 disposition un cadre de travail, des moyens, des outils et des services de support \u00e0 destination des th\u00e9rapeutes \u0153uvrant \u00e0 la renaissance et au d\u00e9veloppement personnel des individus et \u00e0 destination [&hellip;]<\/p>\n","protected":false},"author":1,"featured_media":51,"parent":0,"menu_order":0,"comment_status":"closed","ping_status":"closed","template":"","meta":[],"_links":{"self":[{"href":"https:\/\/thefarmlab.be\/index.php?rest_route=\/wp\/v2\/pages\/57"}],"collection":[{"href":"https:\/\/thefarmlab.be\/index.php?rest_route=\/wp\/v2\/pages"}],"about":[{"href":"https:\/\/thefarmlab.be\/index.php?rest_route=\/wp\/v2\/types\/page"}],"author":[{"embeddable":true,"href":"https:\/\/thefarmlab.be\/index.php?rest_route=\/wp\/v2\/users\/1"}],"replies":[{"embeddable":true,"href":"https:\/\/thefarmlab.be\/index.php?rest_route=%2Fwp%2Fv2%2Fcomments&post=57"}],"version-history":[{"count":4,"href":"https:\/\/thefarmlab.be\/index.php?rest_route=\/wp\/v2\/pages\/57\/revisions"}],"predecessor-version":[{"id":64,"href":"https:\/\/thefarmlab.be\/index.php?rest_route=\/wp\/v2\/pages\/57\/revisions\/64"}],"wp:featuredmedia":[{"embeddable":true,"href":"https:\/\/thefarmlab.be\/index.php?rest_route=\/wp\/v2\/media\/51"}],"wp:attachment":[{"href":"https:\/\/thefarmlab.be\/index.php?rest_route=%2Fwp%2Fv2%2Fmedia&parent=57"}],"curies":[{"name":"wp","href":"https:\/\/api.w.org\/{rel}","templated":true}]}}